{"id":2217,"date":"2024-10-11T08:37:46","date_gmt":"2024-10-11T12:37:46","guid":{"rendered":"https:\/\/westeastinstitute.com\/journals\/?page_id=2217"},"modified":"2024-10-11T08:37:46","modified_gmt":"2024-10-11T12:37:46","slug":"jweibe-2019","status":"publish","type":"page","link":"https:\/\/westeastinstitute.com\/journals\/jweibe-2019\/","title":{"rendered":"JWEIBE-2019"},"content":{"rendered":"\n<h2 class=\"wp-block-heading\">Journal of WEI Business and Economics<\/h2>\n\n\n\n<p>ISSN 2166-7918 (Online) USA<\/p>\n\n\n\n<p>Vol 8,&nbsp;2019<\/p>\n\n\n\n<p>Table of Contents<\/p>\n\n\n\n<figure class=\"wp-block-table\"><table class=\"has-fixed-layout\"><tbody><tr><td><a href=\"https:\/\/westeastinstitute.com\/journals\/wp-content\/uploads\/2019\/11\/199_Magdalena.pdf\">Cost Strategies Possible To Implement In Insurance Company<\/a><\/td><td><a href=\"https:\/\/westeastinstitute.com\/journals\/wp-content\/uploads\/2019\/11\/199_Magdalena.pdf\">PDF<\/a><\/td><\/tr><tr><td>Magdalena Chmielowiec-Lewczuk<\/td><td><em>91-97<\/em><\/td><\/tr><\/tbody><\/table><\/figure>\n\n\n\n<figure class=\"wp-block-table\"><table class=\"has-fixed-layout\"><tbody><tr><td><a href=\"https:\/\/westeastinstitute.com\/journals\/wp-content\/uploads\/2020\/01\/191_Anna_last.pdf\">Analysis Of Changes In The Structure Of Household Finances Related To Having A&nbsp;Child - Valuation Of Loss Of Benefits<\/a><\/td><td><a href=\"https:\/\/westeastinstitute.com\/journals\/191_anna_last\/\">PDF<\/a><\/td><\/tr><tr><td>Anna J\u0119drzychowska,&nbsp;Ewa Poprawska<\/td><td><em>76-90<\/em><\/td><\/tr><\/tbody><\/table><\/figure>\n\n\n\n<figure class=\"wp-block-table\"><table class=\"has-fixed-layout\"><tbody><tr><td><a href=\"https:\/\/westeastinstitute.com\/journals\/wp-content\/uploads\/2019\/10\/192_Boguslawa.pdf\">Management of Ict Implementations in Enterprises in Poland<\/a><\/td><td><a href=\"https:\/\/westeastinstitute.com\/journals\/wp-content\/uploads\/2019\/10\/192_Boguslawa.pdf\">PDF<\/a><\/td><\/tr><tr><td>Bogus\u0142awa Zi\u00f3\u0142kowska<\/td><td><em>61-75<\/em><\/td><\/tr><\/tbody><\/table><\/figure>\n\n\n\n<figure class=\"wp-block-table\"><table class=\"has-fixed-layout\"><tbody><tr><td><a href=\"https:\/\/westeastinstitute.com\/journals\/wp-content\/uploads\/2012\/08\/129-Rutherford-Johnson-Ready.pdf\">Noble Tradition and Blind Spots In U.S. Sustainability Philosophy<\/a><\/td><td><a href=\"https:\/\/westeastinstitute.com\/journals\/wp-content\/uploads\/2012\/08\/129-Rutherford-Johnson-Ready.pdf\">PDF<\/a><\/td><\/tr><tr><td>&nbsp;Rutherford Cardinal Johnson<\/td><td><em>47-60<\/em><\/td><\/tr><\/tbody><\/table><\/figure>\n\n\n\n<figure class=\"wp-block-table\"><table class=\"has-fixed-layout\"><tbody><tr><td><a href=\"https:\/\/westeastinstitute.com\/journals\/wp-content\/uploads\/2012\/08\/176-Liga-Puce-Ready.pdf\">Criticism Of Behavioural Economics: Attacks Towards Ideology, Evidence And Practical Application<\/a><\/td><td><a href=\"https:\/\/westeastinstitute.com\/journals\/wp-content\/uploads\/2012\/08\/176-Liga-Puce-Ready.pdf\">PDF<\/a><\/td><\/tr><tr><td>L\u012bga P\u016bce<\/td><td><em>32-46<\/em><\/td><\/tr><\/tbody><\/table><\/figure>\n\n\n\n<figure class=\"wp-block-table\"><table class=\"has-fixed-layout\"><tbody><tr><td><a href=\"https:\/\/westeastinstitute.com\/journals\/wp-content\/uploads\/2012\/08\/148-Reed-Najarzadeh-and-Sadati-ready.pdf\">Analyzing the Relationship between Budget Deficit, Current Account Deficit, and Government Debt Sustainability<\/a><\/td><td><a href=\"https:\/\/westeastinstitute.com\/journals\/wp-content\/uploads\/2012\/08\/148-Reed-Najarzadeh-and-Sadati-ready.pdf\">PDF<\/a><\/td><\/tr><tr><td>&nbsp;Michael Reed, Reza Najarzadeh, Seyedeh Zohreh Sadati<\/td><td><em>20-31<\/em><\/td><\/tr><\/tbody><\/table><\/figure>\n\n\n\n<figure class=\"wp-block-table\"><table class=\"has-fixed-layout\"><tbody><tr><td><a href=\"https:\/\/westeastinstitute.com\/journals\/wp-content\/uploads\/2012\/08\/136-Egbuta-Olive-U-Ready.pdf\">Leadership Succession Practices And Employees\u2019 Career Development In The Nigerian National Petroleum Corporation<\/a><\/td><td><a href=\"https:\/\/westeastinstitute.com\/journals\/wp-content\/uploads\/2012\/08\/136-Egbuta-Olive-U-Ready.pdf\">PDF<\/a><\/td><\/tr><tr><td>Egbuta, Olive U<\/td><td><em>1-19<\/em><\/td><\/tr><\/tbody><\/table><\/figure>\n\n\n\n<p>&nbsp;&nbsp;|&nbsp;<strong><a href=\"http:\/\/www.westeastinstitute.com\/journals\/jweibe-all-issues\/\">ALL ISSUES&nbsp;<\/a><\/strong>|&nbsp;&nbsp;<\/p>\n\n\n\n<p><a href=\"https:\/\/www.emailmeform.com\/builder\/form\/Gn8455O9P7Hf4RJcj4\"><strong>Paper Submissions&nbsp;<\/strong><\/a><strong><a href=\"https:\/\/www.emailmeform.com\/builder\/form\/Gn8455O9P7Hf4RJcj4\">here &gt;<\/a><\/strong><\/p>\n\n\n\n<p><\/p>\n","protected":false},"excerpt":{"rendered":"<p>Journal of WEI Business and Economics ISSN 2166-7918 (Online) USA Vol 8,&nbsp;2019 Table of Contents Cost Strategies Possible To Implement In Insurance Company PDF Magdalena Chmielowiec-Lewczuk 91-97 Analysis Of Changes In The Structure Of Household Finances Related To Having A&nbsp;Child &hellip; <a class=\"more-link\" href=\"https:\/\/westeastinstitute.com\/journals\/jweibe-2019\/\">Continue reading <span class=\"meta-nav\">&rarr;<\/span><\/a><\/p>\n","protected":false},"author":2,"featured_media":0,"parent":0,"menu_order":0,"comment_status":"closed","ping_status":"closed","template":"","meta":{"footnotes":""},"class_list":["post-2217","page","type-page","status-publish","hentry"],"_links":{"self":[{"href":"https:\/\/westeastinstitute.com\/journals\/wp-json\/wp\/v2\/pages\/2217","targetHints":{"allow":["GET"]}}],"collection":[{"href":"https:\/\/westeastinstitute.com\/journals\/wp-json\/wp\/v2\/pages"}],"about":[{"href":"https:\/\/westeastinstitute.com\/journals\/wp-json\/wp\/v2\/types\/page"}],"author":[{"embeddable":true,"href":"https:\/\/westeastinstitute.com\/journals\/wp-json\/wp\/v2\/users\/2"}],"replies":[{"embeddable":true,"href":"https:\/\/westeastinstitute.com\/journals\/wp-json\/wp\/v2\/comments?post=2217"}],"version-history":[{"count":2,"href":"https:\/\/westeastinstitute.com\/journals\/wp-json\/wp\/v2\/pages\/2217\/revisions"}],"predecessor-version":[{"id":2219,"href":"https:\/\/westeastinstitute.com\/journals\/wp-json\/wp\/v2\/pages\/2217\/revisions\/2219"}],"wp:attachment":[{"href":"https:\/\/westeastinstitute.com\/journals\/wp-json\/wp\/v2\/media?parent=2217"}],"curies":[{"name":"wp","href":"https:\/\/api.w.org\/{rel}","templated":true}]}}