{"id":1237,"date":"2015-11-15T18:44:18","date_gmt":"2015-11-15T23:44:18","guid":{"rendered":"http:\/\/westeastinstitute.com\/journals\/?page_id=1237"},"modified":"2015-11-15T19:03:43","modified_gmt":"2015-11-16T00:03:43","slug":"jweibe-august-2015","status":"publish","type":"page","link":"https:\/\/westeastinstitute.com\/journals\/jweibe-august-2015\/","title":{"rendered":"JWEIBE-August-2015"},"content":{"rendered":"<div>\n<h2 style=\"text-align: center;\">Journal of WEI Business and Economics<\/h2>\n<\/div>\n<div style=\"text-align: center;\">ISSN 2168-7315 (Online) USA<\/div>\n<div style=\"text-align: center;\">Vol 4, No 2 (August 2015)<\/div>\n<p style=\"text-align: center;\">Table of Contents<\/p>\n<p>Articles<\/p>\n<table width=\"100%\">\n<tbody>\n<tr valign=\"top\">\n<td width=\"75%\"><a href=\"http:\/\/westeastinstitute.com\/journals\/wp-content\/uploads\/2015\/11\/1-Dora-Smol\u010di\u0107-Jurdana.pdf\">Entrepreneurship in Tourism As a\u00a0Factor of Rural Development<\/a><\/td>\n<td align=\"right\" width=\"25%\"><a href=\"http:\/\/westeastinstitute.com\/journals\/wp-content\/uploads\/2015\/11\/1-Dora-Smol\u010di\u0107-Jurdana.pdf\">PDF<\/a><\/td>\n<\/tr>\n<tr>\n<td><em>Dora Smol\u010di\u0107 Jurdana, Ines Milohni\u0107, Lorena Dadi\u0107<\/em><\/td>\n<td align=\"right\"><em>1-10<\/em><\/td>\n<\/tr>\n<\/tbody>\n<\/table>\n<table width=\"100%\">\n<tbody>\n<tr valign=\"top\">\n<td width=\"75%\"><a href=\"http:\/\/westeastinstitute.com\/journals\/wp-content\/uploads\/2015\/11\/2-Christoph-Schreder.pdf\">Organizational Learning - The Boost to Organizational Performance: An Organization Development Assessment Amongst Austrian Business Entities<\/a><\/td>\n<td align=\"right\" width=\"25%\"><a href=\"http:\/\/westeastinstitute.com\/journals\/wp-content\/uploads\/2015\/11\/2-Christoph-Schreder.pdf\">PDF<\/a><\/td>\n<\/tr>\n<tr>\n<td><em>Christoph Schreder<\/em><\/td>\n<td align=\"right\">\u00a0<em>11-36<\/em><\/td>\n<\/tr>\n<\/tbody>\n<\/table>\n<table width=\"100%\">\n<tbody>\n<tr valign=\"top\">\n<td width=\"75%\"><a href=\"http:\/\/westeastinstitute.com\/journals\/wp-content\/uploads\/2015\/11\/3-\u0130van-Akrap.pdf\">Compensation of Damage Caused By Infringements of The Competition Law in Republic of Croatia<\/a><\/td>\n<td align=\"right\" width=\"25%\"><a href=\"http:\/\/westeastinstitute.com\/journals\/wp-content\/uploads\/2015\/11\/3-\u0130van-Akrap.pdf\">PDF<\/a><\/td>\n<\/tr>\n<tr>\n<td><em>Ivan Akrap,\u00a0Mirella Rodin<\/em><\/td>\n<td align=\"right\">\u00a0<em>37-49<\/em><\/td>\n<\/tr>\n<\/tbody>\n<\/table>\n<table width=\"100%\">\n<tbody>\n<tr valign=\"top\">\n<td width=\"75%\"><a href=\"http:\/\/westeastinstitute.com\/journals\/wp-content\/uploads\/2015\/11\/4-MITROU-PAPACHRISTOU.pdf\">The Contribution of Internal Audit on Combating Money Laundering and Terrorism Financing<\/a><\/td>\n<td align=\"right\" width=\"25%\"><a href=\"http:\/\/westeastinstitute.com\/journals\/wp-content\/uploads\/2015\/11\/4-MITROU-PAPACHRISTOU.pdf\">PDF<\/a><\/td>\n<\/tr>\n<tr>\n<td><em>Dimitra Th. Mitrou,\u00a0Georgios K. Papachristou<\/em><\/td>\n<td align=\"right\">\u00a0<em>50-59<\/em><\/td>\n<\/tr>\n<\/tbody>\n<\/table>\n","protected":false},"excerpt":{"rendered":"<p>Journal of WEI Business and Economics ISSN 2168-7315 (Online) USA Vol 4, No 2 (August 2015) Table of Contents Articles Entrepreneurship in Tourism As a\u00a0Factor of Rural Development PDF Dora Smol\u010di\u0107 Jurdana, Ines Milohni\u0107, Lorena Dadi\u0107 1-10 Organizational Learning &#8211; &hellip; <a class=\"more-link\" href=\"https:\/\/westeastinstitute.com\/journals\/jweibe-august-2015\/\">Continue reading <span class=\"meta-nav\">&rarr;<\/span><\/a><\/p>\n","protected":false},"author":2,"featured_media":0,"parent":0,"menu_order":0,"comment_status":"closed","ping_status":"closed","template":"","meta":{"footnotes":""},"class_list":["post-1237","page","type-page","status-publish","hentry"],"_links":{"self":[{"href":"https:\/\/westeastinstitute.com\/journals\/wp-json\/wp\/v2\/pages\/1237","targetHints":{"allow":["GET"]}}],"collection":[{"href":"https:\/\/westeastinstitute.com\/journals\/wp-json\/wp\/v2\/pages"}],"about":[{"href":"https:\/\/westeastinstitute.com\/journals\/wp-json\/wp\/v2\/types\/page"}],"author":[{"embeddable":true,"href":"https:\/\/westeastinstitute.com\/journals\/wp-json\/wp\/v2\/users\/2"}],"replies":[{"embeddable":true,"href":"https:\/\/westeastinstitute.com\/journals\/wp-json\/wp\/v2\/comments?post=1237"}],"version-history":[{"count":2,"href":"https:\/\/westeastinstitute.com\/journals\/wp-json\/wp\/v2\/pages\/1237\/revisions"}],"predecessor-version":[{"id":1243,"href":"https:\/\/westeastinstitute.com\/journals\/wp-json\/wp\/v2\/pages\/1237\/revisions\/1243"}],"wp:attachment":[{"href":"https:\/\/westeastinstitute.com\/journals\/wp-json\/wp\/v2\/media?parent=1237"}],"curies":[{"name":"wp","href":"https:\/\/api.w.org\/{rel}","templated":true}]}}