{"id":1035,"date":"2014-10-28T12:29:56","date_gmt":"2014-10-28T16:29:56","guid":{"rendered":"http:\/\/westeastinstitute.com\/journals\/?page_id=1035"},"modified":"2024-10-05T09:18:52","modified_gmt":"2024-10-05T13:18:52","slug":"jweibe-august-2014","status":"publish","type":"page","link":"https:\/\/westeastinstitute.com\/journals\/jweibe-august-2014\/","title":{"rendered":"JWEIBE-August-2014"},"content":{"rendered":"<div>\n<h2 style=\"text-align: center;\">Journal of WEI Business and Economics<\/h2>\n<\/div>\n<div style=\"text-align: center;\">ISSN 2166-7918 (Online) USA<\/div>\n<div style=\"text-align: center;\">Vol 3, No 2 (August 2014)<\/div>\n<p style=\"text-align: left;\">Table of Contents<\/p>\n<p>Articles<\/p>\n<table width=\"100%\">\n<tbody>\n<tr valign=\"top\">\n<td width=\"75%\"><a href=\"http:\/\/westeastinstitute.com\/journals\/wp-content\/uploads\/2014\/10\/1.Pichayalak-Pichayakul-JWEIBE.pdf\">Japanese\u2019s Interest to Participate in Agro-Tourism in Chiang Mai Province, Thailand<\/a><\/td>\n<td align=\"right\" width=\"25%\"><a href=\"http:\/\/westeastinstitute.com\/journals\/wp-content\/uploads\/2014\/10\/1.Pichayalak-Pichayakul-JWEIBE.pdf\">PDF<\/a><\/td>\n<\/tr>\n<tr>\n<td><em>Pichayalak Pichayakul<\/em><\/td>\n<td align=\"right\"><em>1-16<\/em><\/td>\n<\/tr>\n<\/tbody>\n<\/table>\n<table width=\"100%\">\n<tbody>\n<tr valign=\"top\">\n<td width=\"75%\"><a href=\"http:\/\/westeastinstitute.com\/journals\/wp-content\/uploads\/2014\/10\/2.Kaplan_Ogut_Bickes-and-Kaplan-full-paper_last-version.pdf\">The Relationship Between Organizational Learning And Financial Performance: A Study Of Small-Sized Businesses In Turkey<\/a><\/td>\n<td align=\"right\" width=\"25%\"><a href=\"http:\/\/westeastinstitute.com\/journals\/wp-content\/uploads\/2014\/10\/2.Kaplan_Ogut_Bickes-and-Kaplan-full-paper_last-version.pdf\">PDF<\/a><\/td>\n<\/tr>\n<tr>\n<td><em>Metin Kaplan,\u00a0Adem \u00d6\u011f\u00fct,\u00a0D. Mehmet Bi\u00e7kes,\u00a0Asl\u0131 Kaplan<\/em><\/td>\n<td align=\"right\">\u00a0<em>17-24<\/em><\/td>\n<\/tr>\n<\/tbody>\n<\/table>\n<table width=\"100%\">\n<tbody>\n<tr valign=\"top\">\n<td width=\"75%\"><a href=\"http:\/\/westeastinstitute.com\/journals\/wp-content\/uploads\/2014\/10\/3.Mukesh-Ranga-JWEIBE.pdf\">Generating Solutions For Rural Development Through ICT In India<\/a><\/td>\n<td align=\"right\" width=\"25%\"><a href=\"http:\/\/westeastinstitute.com\/journals\/wp-content\/uploads\/2014\/10\/3.Mukesh-Ranga-JWEIBE.pdf\">PDF<\/a><\/td>\n<\/tr>\n<tr>\n<td><em>Mukesh Ranga,\u00a0Priyanka Pradhan<\/em><\/td>\n<td align=\"right\">\u00a0<em>25-32<\/em><\/td>\n<\/tr>\n<\/tbody>\n<\/table>\n<table width=\"100%\">\n<tbody>\n<tr valign=\"top\">\n<td width=\"75%\"><a href=\"http:\/\/westeastinstitute.com\/journals\/wp-content\/uploads\/2014\/10\/4.Lokhman-Hakim-Osman-JWEIBE.pdf\">An Empirical Study Of The Relationship Between Career Program And Employee Outcomes<\/a><\/td>\n<td align=\"right\" width=\"25%\"><a href=\"http:\/\/westeastinstitute.com\/journals\/wp-content\/uploads\/2014\/10\/4.Lokhman-Hakim-Osman-JWEIBE.pdf\">PDF<\/a><\/td>\n<\/tr>\n<tr>\n<td><em>Lokhman Hakim Osman, Azman Ismail, Wan Aishah Wan Mohd Nowalid, Nurrul Hayati Adnan<\/em><\/td>\n<td align=\"right\">\u00a0<em>33-40<\/em><\/td>\n<\/tr>\n<\/tbody>\n<\/table>\n<p>&nbsp;<\/p>\n","protected":false},"excerpt":{"rendered":"<p>Journal of WEI Business and Economics ISSN 2166-7918 (Online) USA Vol 3, No 2 (August 2014) Table of Contents Articles Japanese\u2019s Interest to Participate in Agro-Tourism in Chiang Mai Province, Thailand PDF Pichayalak Pichayakul 1-16 The Relationship Between Organizational Learning &hellip; <a class=\"more-link\" href=\"https:\/\/westeastinstitute.com\/journals\/jweibe-august-2014\/\">Continue reading <span class=\"meta-nav\">&rarr;<\/span><\/a><\/p>\n","protected":false},"author":2,"featured_media":0,"parent":0,"menu_order":0,"comment_status":"closed","ping_status":"closed","template":"","meta":{"footnotes":""},"class_list":["post-1035","page","type-page","status-publish","hentry"],"_links":{"self":[{"href":"https:\/\/westeastinstitute.com\/journals\/wp-json\/wp\/v2\/pages\/1035","targetHints":{"allow":["GET"]}}],"collection":[{"href":"https:\/\/westeastinstitute.com\/journals\/wp-json\/wp\/v2\/pages"}],"about":[{"href":"https:\/\/westeastinstitute.com\/journals\/wp-json\/wp\/v2\/types\/page"}],"author":[{"embeddable":true,"href":"https:\/\/westeastinstitute.com\/journals\/wp-json\/wp\/v2\/users\/2"}],"replies":[{"embeddable":true,"href":"https:\/\/westeastinstitute.com\/journals\/wp-json\/wp\/v2\/comments?post=1035"}],"version-history":[{"count":23,"href":"https:\/\/westeastinstitute.com\/journals\/wp-json\/wp\/v2\/pages\/1035\/revisions"}],"predecessor-version":[{"id":2198,"href":"https:\/\/westeastinstitute.com\/journals\/wp-json\/wp\/v2\/pages\/1035\/revisions\/2198"}],"wp:attachment":[{"href":"https:\/\/westeastinstitute.com\/journals\/wp-json\/wp\/v2\/media?parent=1035"}],"curies":[{"name":"wp","href":"https:\/\/api.w.org\/{rel}","templated":true}]}}